{"id":1508,"date":"2025-03-03T13:27:05","date_gmt":"2025-03-03T12:27:05","guid":{"rendered":"https:\/\/gardenhotelboulevard.local\/szobak\/studio\/"},"modified":"2025-07-10T11:40:38","modified_gmt":"2025-07-10T09:40:38","slug":"erkelyes-studio","status":"publish","type":"page","link":"https:\/\/gardenhotelboulevard.usernet.hu\/hu\/szobak\/erkelyes-studio\/","title":{"rendered":"Erk\u00e9lyes st\u00fadi\u00f3"},"content":{"rendered":"","protected":false},"excerpt":{"rendered":"","protected":false},"author":1,"featured_media":0,"parent":31,"menu_order":0,"comment_status":"closed","ping_status":"closed","template":"template-parts\/page-single-room.php","meta":{"_acf_changed":false,"footnotes":""},"class_list":["post-1508","page","type-page","status-publish","hentry"],"acf":[],"yoast_head":"<!-- This site is optimized with the Yoast SEO plugin v25.3.1 - https:\/\/yoast.com\/wordpress\/plugins\/seo\/ -->\n<title>Erk\u00e9lyes st\u00fadi\u00f3 - Garden Hotel Boulevard****<\/title>\n<meta name=\"robots\" content=\"noindex, follow, max-snippet:-1, max-image-preview:large, max-video-preview:-1\" \/>\n<meta property=\"og:locale\" content=\"hu_HU\" \/>\n<meta property=\"og:type\" content=\"article\" \/>\n<meta property=\"og:title\" content=\"Erk\u00e9lyes st\u00fadi\u00f3 - Garden Hotel Boulevard****\" \/>\n<meta property=\"og:url\" content=\"https:\/\/gardenhotelboulevard.usernet.hu\/hu\/szobak\/erkelyes-studio\/\" \/>\n<meta property=\"og:site_name\" content=\"Garden Hotel Boulevard****\" \/>\n<meta property=\"article:modified_time\" content=\"2025-07-10T09:40:38+00:00\" \/>\n<meta name=\"twitter:card\" content=\"summary_large_image\" \/>\n<script type=\"application\/ld+json\" class=\"yoast-schema-graph\">{\"@context\":\"https:\/\/schema.org\",\"@graph\":[{\"@type\":\"WebPage\",\"@id\":\"https:\/\/gardenhotelboulevard.usernet.hu\/hu\/szobak\/erkelyes-studio\/\",\"url\":\"https:\/\/gardenhotelboulevard.usernet.hu\/hu\/szobak\/erkelyes-studio\/\",\"name\":\"Erk\u00e9lyes st\u00fadi\u00f3 - Garden Hotel Boulevard****\",\"isPartOf\":{\"@id\":\"https:\/\/gardenhotelboulevard.usernet.hu\/hu\/#website\"},\"datePublished\":\"2025-03-03T12:27:05+00:00\",\"dateModified\":\"2025-07-10T09:40:38+00:00\",\"breadcrumb\":{\"@id\":\"https:\/\/gardenhotelboulevard.usernet.hu\/hu\/szobak\/erkelyes-studio\/#breadcrumb\"},\"inLanguage\":\"hu\",\"potentialAction\":[{\"@type\":\"ReadAction\",\"target\":[\"https:\/\/gardenhotelboulevard.usernet.hu\/hu\/szobak\/erkelyes-studio\/\"]}]},{\"@type\":\"BreadcrumbList\",\"@id\":\"https:\/\/gardenhotelboulevard.usernet.hu\/hu\/szobak\/erkelyes-studio\/#breadcrumb\",\"itemListElement\":[{\"@type\":\"ListItem\",\"position\":1,\"name\":\"Kezd\u0151lap\",\"item\":\"https:\/\/gardenhotelboulevard.usernet.hu\/hu\/\"},{\"@type\":\"ListItem\",\"position\":2,\"name\":\"Erk\u00e9lyes st\u00fadi\u00f3\"}]},{\"@type\":\"WebSite\",\"@id\":\"https:\/\/gardenhotelboulevard.usernet.hu\/hu\/#website\",\"url\":\"https:\/\/gardenhotelboulevard.usernet.hu\/hu\/\",\"name\":\"Garden Hotel Boulevard****\",\"description\":\"\",\"potentialAction\":[{\"@type\":\"SearchAction\",\"target\":{\"@type\":\"EntryPoint\",\"urlTemplate\":\"https:\/\/gardenhotelboulevard.usernet.hu\/hu\/?s={search_term_string}\"},\"query-input\":{\"@type\":\"PropertyValueSpecification\",\"valueRequired\":true,\"valueName\":\"search_term_string\"}}],\"inLanguage\":\"hu\"}]}<\/script>\n<!-- \/ Yoast SEO plugin. -->","yoast_head_json":{"title":"Erk\u00e9lyes st\u00fadi\u00f3 - Garden Hotel Boulevard****","robots":{"index":"noindex","follow":"follow","max-snippet":"max-snippet:-1","max-image-preview":"max-image-preview:large","max-video-preview":"max-video-preview:-1"},"og_locale":"hu_HU","og_type":"article","og_title":"Erk\u00e9lyes st\u00fadi\u00f3 - Garden Hotel Boulevard****","og_url":"https:\/\/gardenhotelboulevard.usernet.hu\/hu\/szobak\/erkelyes-studio\/","og_site_name":"Garden Hotel Boulevard****","article_modified_time":"2025-07-10T09:40:38+00:00","twitter_card":"summary_large_image","schema":{"@context":"https:\/\/schema.org","@graph":[{"@type":"WebPage","@id":"https:\/\/gardenhotelboulevard.usernet.hu\/hu\/szobak\/erkelyes-studio\/","url":"https:\/\/gardenhotelboulevard.usernet.hu\/hu\/szobak\/erkelyes-studio\/","name":"Erk\u00e9lyes st\u00fadi\u00f3 - Garden Hotel Boulevard****","isPartOf":{"@id":"https:\/\/gardenhotelboulevard.usernet.hu\/hu\/#website"},"datePublished":"2025-03-03T12:27:05+00:00","dateModified":"2025-07-10T09:40:38+00:00","breadcrumb":{"@id":"https:\/\/gardenhotelboulevard.usernet.hu\/hu\/szobak\/erkelyes-studio\/#breadcrumb"},"inLanguage":"hu","potentialAction":[{"@type":"ReadAction","target":["https:\/\/gardenhotelboulevard.usernet.hu\/hu\/szobak\/erkelyes-studio\/"]}]},{"@type":"BreadcrumbList","@id":"https:\/\/gardenhotelboulevard.usernet.hu\/hu\/szobak\/erkelyes-studio\/#breadcrumb","itemListElement":[{"@type":"ListItem","position":1,"name":"Kezd\u0151lap","item":"https:\/\/gardenhotelboulevard.usernet.hu\/hu\/"},{"@type":"ListItem","position":2,"name":"Erk\u00e9lyes st\u00fadi\u00f3"}]},{"@type":"WebSite","@id":"https:\/\/gardenhotelboulevard.usernet.hu\/hu\/#website","url":"https:\/\/gardenhotelboulevard.usernet.hu\/hu\/","name":"Garden Hotel Boulevard****","description":"","potentialAction":[{"@type":"SearchAction","target":{"@type":"EntryPoint","urlTemplate":"https:\/\/gardenhotelboulevard.usernet.hu\/hu\/?s={search_term_string}"},"query-input":{"@type":"PropertyValueSpecification","valueRequired":true,"valueName":"search_term_string"}}],"inLanguage":"hu"}]}},"_links":{"self":[{"href":"https:\/\/gardenhotelboulevard.usernet.hu\/hu\/wp-json\/wp\/v2\/pages\/1508","targetHints":{"allow":["GET"]}}],"collection":[{"href":"https:\/\/gardenhotelboulevard.usernet.hu\/hu\/wp-json\/wp\/v2\/pages"}],"about":[{"href":"https:\/\/gardenhotelboulevard.usernet.hu\/hu\/wp-json\/wp\/v2\/types\/page"}],"author":[{"embeddable":true,"href":"https:\/\/gardenhotelboulevard.usernet.hu\/hu\/wp-json\/wp\/v2\/users\/1"}],"replies":[{"embeddable":true,"href":"https:\/\/gardenhotelboulevard.usernet.hu\/hu\/wp-json\/wp\/v2\/comments?post=1508"}],"version-history":[{"count":4,"href":"https:\/\/gardenhotelboulevard.usernet.hu\/hu\/wp-json\/wp\/v2\/pages\/1508\/revisions"}],"predecessor-version":[{"id":1686,"href":"https:\/\/gardenhotelboulevard.usernet.hu\/hu\/wp-json\/wp\/v2\/pages\/1508\/revisions\/1686"}],"up":[{"embeddable":true,"href":"https:\/\/gardenhotelboulevard.usernet.hu\/hu\/wp-json\/wp\/v2\/pages\/31"}],"wp:attachment":[{"href":"https:\/\/gardenhotelboulevard.usernet.hu\/hu\/wp-json\/wp\/v2\/media?parent=1508"}],"curies":[{"name":"wp","href":"https:\/\/api.w.org\/{rel}","templated":true}]}}